{"id":82,"date":"2024-06-06T19:46:05","date_gmt":"2024-06-06T17:46:05","guid":{"rendered":"https:\/\/ecoledamelie.com\/secondaire\/?page_id=82"},"modified":"2026-04-09T20:25:59","modified_gmt":"2026-04-10T00:25:59","slug":"inscription","status":"publish","type":"page","link":"https:\/\/ecoledamelie.com\/secondaire\/inscription\/","title":{"rendered":"Inscription"},"content":{"rendered":"<div class=\"wpb-content-wrapper\"><p>[vc_row full_width=\"stretch_row_content\"][vc_column offset=\"vc_col-lg-12\"][layerslider_vc id=\"21\"][\/vc_column][\/vc_row][vc_row full_width=\"stretch_row\"][vc_column offset=\"vc_col-lg-12\"][vc_custom_heading text=\"D\u00e9couvrez les programmes d'\u00e9cole \u00e0 la maison pour le secondaire 1 et 2\" font_container=\"tag:h1|text_align:center|color:%23fdb92e\" use_theme_fonts=\"yes\"][vc_column_text css_animation=\"bottom-to-top\"]<\/p>\n<p style=\"text-align: center;\"><span style=\"font-weight: 400; color: #fdb92e;\">Le programme couvre une p\u00e9riode de 32 semaines. Vous pouvez vous y joindre \u00e0 tout moment.<\/span><\/p>\n<p><span style=\"color: #ffffff;\">Une infolettre vous avisant que le contenu du mois prochain est en ligne est envoy\u00e9e<span style=\"color: #fdb92e;\"> 15 jours avant le d\u00e9but de chaque mois<\/span>. En vous connectant \u00e0 votre compte, <span style=\"font-weight: 400;\">vous pouvez visualiser le programme et les activit\u00e9s propos\u00e9es pour le mois, le tout s\u00e9par\u00e9 par mati\u00e8res.<br \/>\n<\/span><\/span><\/p>\n<p><span style=\"color: #ffffff;\"><span style=\"font-weight: 400;\">En cliquant sur la semaine d\u00e9sir\u00e9e, vous aurez acc\u00e8s \u00e0 tous les exercices et ateliers propos\u00e9s.<span style=\"color: #fdb92e;\"> <strong>On r\u00e9alise des projets motivants en mettant en application les notions prescrites gr\u00e2ce aux carnets de projets con\u00e7us par Mme Am\u00e9lie.<\/strong> <\/span>Mis \u00e0 part 2 cahiers d'exercices (\u00c9chos en fran\u00e7ais et Sommets en maths), vous n'avez pas de mat\u00e9riel sp\u00e9cifique \u00e0 vous procurer, on r\u00e9cup\u00e8re et on invente \u00e0 partir de ce que nous avons \u00e0 la maison.<\/span><\/span><\/p>\n<p><span style=\"color: #ffffff;\">Le programme est con\u00e7u selon le PFEQ (Programme de Formation de l'\u00c9cole Qu\u00e9b\u00e9coise). Si vous avez besoin de plusieurs niveaux du primaire et\/ou du secondaire, nous offrons<span style=\"color: #fdb92e;\"> un <strong><span style=\"font-weight: 400;\">rabais de 10% pour chaque <\/span>abonnement<span style=\"font-weight: 400;\">\u00a0suppl\u00e9mentaire<\/span><\/strong>.<\/span> Une fois votre premier abonnement effectu\u00e9, vous recevrez le code promo pour le rabais dans le courriel de confirmation.\u00a0<\/span>[\/vc_column_text][vc_custom_heading text=\"inscription programme d'\u00e9cole \u00e0 la maison secondaire\" font_container=\"tag:h3|text_align:center|color:%23565658\" use_theme_fonts=\"yes\"][vc_column_text]<\/p>\n<div class=\"title-h3\" style=\"text-align: center;\"><span style=\"color: #fdb92e;\">En tout temps, il est possible de passer \u00e0 un abonnement sup\u00e9rieur et de recevoir un cr\u00e9dit pour le montant d\u00e9j\u00e0 d\u00e9bours\u00e9!<\/span><\/div>\n<p style=\"text-align: center;\"><span style=\"color: #ffffff;\">L'option est disponible sous l'onglet <a style=\"color: #ffffff;\" href=\"https:\/\/ecoledamelie.com\/mon-profil\/\">Mon profil <\/a>de votre espace membre.<\/span><\/p>\n<p>[\/vc_column_text][vc_row_inner disable_element=\"yes\" thegem_shadow_color=\"rgba(0,0,0,0.15)\" thegem_enable_shadow=\"true\" css=\".vc_custom_1751897863852{background-color: #fdb92e !important;border-radius: 20px !important;}\"][vc_column_inner width=\"1\/2\"][vc_empty_space height=\"80px\"][vc_column_text css=\"\" css_animation=\"bottom-to-top\"]<\/p>\n<h2 class=\"title-h2\" style=\"text-align: center;\"><span style=\"color: #ffffff;\">OFFRE DE LANCEMENT!<\/span><\/h2>\n<div class=\"title-h4\"><span style=\"color: #ffffff;\">Partez en vacances la t\u00eate compl\u00e8tement libre en profitant de la promo <strong>BONNESVACANCES<\/strong> pour r\u00e9server votre abonnement pour 2025-2026! Vous recevrez le<\/span> <span style=\"color: #e04f39;\">premier mois de l'abonnement annuel gratuitement<\/span><span style=\"color: #ffffff;\">. L'offre est aussi applicable sur les autres forfaits.<\/span><\/div>\n<div><span style=\"color: #ffffff;\">*Faites vite, l'offre prend fin le 5 juillet 2025, 23h.<\/span><\/div>\n<p>[\/vc_column_text][\/vc_column_inner][vc_column_inner width=\"1\/2\"][vc_single_image image=\"309\" img_size=\"large\" style=\"vc_box_rounded\" css=\"\"][\/vc_column_inner][\/vc_row_inner][vc_row_inner disable_element=\"yes\" thegem_shadow_color=\"rgba(0,0,0,0.15)\" thegem_enable_shadow=\"true\" css=\".vc_custom_1725460845463{background-color: #fdb92e !important;border-radius: 20px !important;}\"][vc_column_inner width=\"1\/2\"][vc_empty_space height=\"80px\"][vc_column_text css=\"\" css_animation=\"bottom-to-top\"]<\/p>\n<h2 class=\"title-h2\" style=\"text-align: center;\"><span style=\"color: #ffffff;\">Promo!<\/span><\/h2>\n<div class=\"title-h4\"><span style=\"color: #ffffff;\">\u00c0 l'achat de ton abonnement annuel, re\u00e7ois ton ensemble de d\u00e9part gratuitement! <\/span><span style=\"color: #ffffff;\">\u00a0L'offre est aussi applicable sur les abonnements annuels du secondaire.<\/span><\/div>\n<div><span style=\"color: #ffffff;\">*Faites vite, les quantit\u00e9s sont limit\u00e9es. <\/span><\/div>\n<div><span style=\"color: #ffffff;\">Aucun code promo requis.<\/span><\/div>\n<p>[\/vc_column_text][\/vc_column_inner][vc_column_inner width=\"1\/2\"][vc_single_image image=\"338\" img_size=\"large\" style=\"vc_box_rounded\" css=\"\"][\/vc_column_inner][\/vc_row_inner][vc_row_inner disable_element=\"yes\" thegem_shadow_color=\"rgba(0,0,0,0.15)\" thegem_enable_shadow=\"true\" css=\".vc_custom_1742865498252{background-color: #fdb92e !important;border-radius: 20px !important;}\"][vc_column_inner width=\"1\/3\"][\/vc_column_inner][vc_column_inner width=\"1\/3\"][vc_single_image image=\"657\" img_size=\"large\" style=\"vc_box_rounded\" css=\"\"][vc_column_text css=\"\"]<\/p>\n<div class=\"styled-subtitle\" style=\"text-align: center;\">On poursuit les soldes jusqu'au 31 janvier 2025, 22h!<\/div>\n<p>[\/vc_column_text][\/vc_column_inner][vc_column_inner width=\"1\/3\"][\/vc_column_inner][\/vc_row_inner][\/vc_column][\/vc_row][vc_row full_width=\"stretch_row\"][vc_column]<div class=\"pricing-table row inline-row inline-row-center pricing-table-style-3 button-icon-default\" >\n\t<div class=\"pricing-column-wrapper col-md-4 col-sm-4 col-xs-6  inline-column\"><div class=\"pricing-column\">\n\t <div class=\"pricing-price-row  \"  style=\" background-color: #fdb92e; color:#ffffff; \">\n\n\t\t<div class=\"pricing-price-title-wrapper\">\n\t\t<div style=color:#1d2669  class=\"pricing-price-title\">Mensuel<\/div>\n\t\t<div  class=\"pricing-price-subtitle\">par niveau<\/div>\n\t\t<\/div>\n\n\t\t<div class=\"pricing-price-wrapper\"><div class=\"pricing-price\" style=\" background-color: #fdb92e; \"><div style=\" color:#ffffff; \" class=\"pricing-cost\">69$<\/div><div  class=\"time\" style= display:inline-block;color:#ffffff;>\/mois<\/div><\/div><\/div><svg style='fill:#fdb92e' class=\"wrap-style\"><use xlink:href=https:\/\/ecoledamelie.com\/secondaire\/wp-content\/themes\/thegem\/css\/post-arrow.svg#dec-post-arrow \/><\/use><\/svg><\/div><figure class=\"pricing-row\"><span style=\"color: #000000;\">\u2713 1\u00a0 mois au choix, abonnement de 30 jours<\/span><\/figure><figure class=\"pricing-row\"><span style=\"color: #000000;\">\u2713 1 niveau au choix (secondaire 1 ou 2)\u00a0<\/span><\/figure><figure class=\"pricing-row\"><span style=\"color: #000000;\">\u2713 Renouvelable<\/span><\/figure><figure class=\"pricing-row\"><span style=\"color: #000000;\">\u2713 1 th\u00e9matique<\/span><\/figure><figure class=\"pricing-row\">\u2713 4 semaines du cycle choisi<\/figure><figure class=\"pricing-row\">\u2713 Acc\u00e8s au groupe de discussion priv\u00e9<\/figure><div class=\"pricing-footer\"><div class=\"gem-button-container gem-button-position-center thegem-button-69e77820de0457141    \"  ><a title=\"Je m&#039;abonne\" class=\"gem-button gem-button-size-medium gem-button-style-outline gem-button-text-weight-normal gem-button-border-2\" data-ll-effect=\"drop-right-without-wrap\" style=\"border-radius: 3px;\" onmouseleave=\"\" onmouseenter=\"\" href=\"\/secondaire\/inscription-level-1-mensuel\" target=\"_self\">JE M&#039;ABONNE<\/a><\/div> <\/div><\/div><\/div>\n\t<div class=\"pricing-column-wrapper col-md-4 col-sm-4 col-xs-6  inline-column\"><div class=\"pricing-column\">\n\t <div class=\"pricing-price-row  \"  style=\" background-color: #fdb92e; color:#ffffff; \">\n\n\t\t<div class=\"pricing-price-title-wrapper\">\n\t\t<div style=color:#1d2669  class=\"pricing-price-title\">Trimestriel<\/div>\n\t\t<div  class=\"pricing-price-subtitle\">par niveau<\/div>\n\t\t<\/div>\n\n\t\t<div class=\"pricing-price-wrapper\"><div class=\"pricing-price\" style=\" background-color: #fdb92e; \"><div style=\" color:#ffffff; \" class=\"pricing-cost\">195$<\/div><div  class=\"time\" style= display:inline-block;color:#ffffff;>\/trimestre<\/div><\/div><\/div><svg style='fill:#fdb92e' class=\"wrap-style\"><use xlink:href=https:\/\/ecoledamelie.com\/secondaire\/wp-content\/themes\/thegem\/css\/post-arrow.svg#dec-post-arrow \/><\/use><\/svg><\/div><figure class=\"pricing-row\">\u2713 1 trimestre au choix<\/figure><figure class=\"pricing-row\">\u2713 Contenu accessible jusqu'au 15 juin de l'ann\u00e9e en cours<\/figure><figure class=\"pricing-row\">\u2713 1 niveau au choix (secondaire 1 ou 2)<\/figure><figure class=\"pricing-row\">\u2713 Renouvelable<\/figure><figure class=\"pricing-row\">\u2713 3 th\u00e9matiques<\/figure><figure class=\"pricing-row\">\u2713 12 semaines du cycle choisi<\/figure><figure class=\"pricing-row\">\u2713 Acc\u00e8s au groupe de discussion priv\u00e9<\/figure><div class=\"pricing-footer\"><div class=\"gem-button-container gem-button-position-center thegem-button-69e77820de0de9574    \"  ><a class=\"gem-button gem-button-size-medium gem-button-style-outline gem-button-text-weight-normal gem-button-border-2\" data-ll-effect=\"drop-right-without-wrap\" style=\"border-radius: 3px;\" onmouseleave=\"\" onmouseenter=\"\" href=\"\/secondaire\/inscription-level-2-trimestre-1\" target=\"_self\">SEPT-OCT-NOV<\/a><\/div> <\/div><div class=\"pricing-footer\"><div class=\"gem-button-container gem-button-position-center thegem-button-69e77820de10b3428    \"  ><a class=\"gem-button gem-button-size-medium gem-button-style-outline gem-button-text-weight-normal gem-button-border-2\" data-ll-effect=\"drop-right-without-wrap\" style=\"border-radius: 3px;\" onmouseleave=\"\" onmouseenter=\"\" href=\"\/secondaire\/inscription-level-2-trimestre-2\" target=\"_self\">D\u00c9C-JAN-F\u00c9V<\/a><\/div> <\/div><div class=\"pricing-footer\"><div class=\"gem-button-container gem-button-position-center thegem-button-69e77820de12f3515    \"  ><a class=\"gem-button gem-button-size-medium gem-button-style-outline gem-button-text-weight-normal gem-button-border-2\" data-ll-effect=\"drop-right-without-wrap\" style=\"border-radius: 3px;\" onmouseleave=\"\" onmouseenter=\"\" href=\"\/secondaire\/inscription-level-2-trimestre-3\" target=\"_self\">MRS-AVR-MAI<\/a><\/div> <\/div><\/div><\/div>\n\t<div class=\"pricing-column-wrapper col-md-4 col-sm-4 col-xs-6  inline-column\"><div   class=\"pricing-column-top-choice\"><svg class=\"svg_pricing\" ><use xlink:href=https:\/\/ecoledamelie.com\/secondaire\/wp-content\/themes\/thegem\/images\/star.svg#star><\/use><\/svg>\n\t\t<div  class=\"pricing-column-top-choice-text\">Optimal<\/div><\/div><div class=\"pricing-column\">\n\t <div class=\"pricing-price-row  \"  style=\" background-color: #fdb92e; color:#ffffff; \">\n\n\t\t<div class=\"pricing-price-title-wrapper\">\n\t\t<div style=color:#e04f39  class=\"pricing-price-title\">Annuel<\/div>\n\t\t<div  class=\"pricing-price-subtitle\">par niveau<\/div>\n\t\t<\/div>\n\n\t\t<div class=\"pricing-price-wrapper\"><div class=\"pricing-price\" style=\" background-color: #fdb92e; \"><div style=\" color:#ffffff; \" class=\"pricing-cost\">495$<\/div><div  class=\"time\" style= display:inline-block;color:#ffffff;>\/ann\u00e9e<\/div><\/div><\/div><svg style='fill:#fdb92e' class=\"wrap-style\"><use xlink:href=https:\/\/ecoledamelie.com\/secondaire\/wp-content\/themes\/thegem\/css\/post-arrow.svg#dec-post-arrow \/><\/use><\/svg><\/div><figure class=\"pricing-row\">\u2713 1 ann\u00e9e de septembre \u00e0 mai<\/figure><figure class=\"pricing-row\">\u2713 Contenu accessible en int\u00e9gralit\u00e9 jusqu'au 15 juin de l'ann\u00e9e en cours<\/figure><figure class=\"pricing-row\">\u2713 1 niveau au choix (secondaire 1 ou 2)<\/figure><figure class=\"pricing-row\">\u2713 Renouvelable<\/figure><figure class=\"pricing-row\">\u2713 9 th\u00e9matiques<\/figure><figure class=\"pricing-row\">\u2713 32 semaines du cycle choisi<\/figure><figure class=\"pricing-row\">\u2713 Projet d'apprentissage \u00e0 envoyer \u00e0 la DEM (Direction de l'Enseignement \u00e0 la Maison)<\/figure><figure class=\"pricing-row\">\u2713 Acc\u00e8s au guide pour compl\u00e9ter les bilans en cours d'ann\u00e9e (\u00e0 remettre \u00e0 la DEM)<\/figure><figure class=\"pricing-row\">\u2713 Une \u00e9conomie de 14$\/mois par rapport au tarif mensuel<\/figure><figure class=\"pricing-row\">\u2713 \u00c9valuation annuelle disponible au tarif sp\u00e9cial \u00ab membres annuels \u00bb<\/figure><figure class=\"pricing-row\">\u2713Acc\u00e8s au groupe de discussion priv\u00e9<\/figure><div class=\"pricing-footer\"><div class=\"gem-button-container gem-button-position-center thegem-button-69e77820de195642    \"  ><a class=\"gem-button gem-button-size-medium gem-button-style-outline gem-button-text-weight-normal gem-button-border-2\" data-ll-effect=\"drop-right-without-wrap\" style=\"border-radius: 3px;\" onmouseleave=\"\" onmouseenter=\"\" href=\"\/secondaire\/inscription-level-3-annuel\" target=\"_self\">JE M&#039;ABONNE<\/a><\/div> <\/div><\/div><\/div><\/div>[vc_empty_space]<style>.thegem-custom-69e77820de1c15195 .gem-icon-half-1 {color: #44bdee;}.thegem-custom-69e77820de1c15195 .gem-icon-half-2 {color: #44bdee;}.thegem-custom-69e77820de1c15195 .gem-icon-style-gradient .back-angle {background: linear-gradient( to bottom, #44bdee, ); -webkit-text-fill-color: transparent; -webkit-background-clip: text;}.thegem-custom-69e77820de1c15195 .gem-icon  {font-size: 48px;}.thegem-custom-69e77820de1c15195 .gem-icon:not(.gem-simple-icon) .gem-icon-inner {width: 72px; height: 72px; line-height: 72px;}.thegem-custom-69e77820de1c15195 .gem-icon.gem-simple-icon {width: 48px; height: 48px; line-height: 48px;}.gem-infotext.thegem-custom-69e77820de1c15195 .gem-infotext-icon {margin-right:8px !important;}.gem-infotext.thegem-custom-69e77820de1c15195 .title-customize {color:#ffffff !important;}.gem-infotext.thegem-custom-69e77820de1c15195 a:hover .gem-infotext .title-customize {color:#ffffff !important;}.gem-infotext.thegem-custom-69e77820de1c15195 .subtitle-customize {color:#ffffff !important;}.gem-infotext.thegem-custom-69e77820de1c15195 a:hover .gem-infotext .subtitle-customize {color:#ffffff !important;}.gem-infotext.thegem-custom-69e77820de1c15195 .subtitle-customize {margin-top:-7px !important;}<\/style><div class=\"gem-infotext alignment-left thegem-custom-69e77820de1c15195\" style=\"\"> <a href=\"https:\/\/ecoledamelie.com\/programme-secondaire\/\" target=\"_self\" title=\"Programme 2024-2025 \u2013 primaire\" class=\"gem-infotext-wrap position--left vertical--center\" aria-label=\"Lire la suite\"> <div class=\"gem-infotext-icon\"> <div class=\"gem-icon gem-simple-icon gem-icon-pack-thegem-header gem-icon-size-custom\"> <div class=\"gem-icon-inner\"><span class=\"gem-icon-half-1\"><span class=\"back-angle\">&#xe60b;<\/span><\/span><span class=\"gem-icon-half-2\"><span class=\"back-angle\">&#xe60b;<\/span><\/span><\/div> <\/div> <\/div> <div class=\"gem-infotext\"> <div class=\"gem-infotext__subtitle\"> <div class=\"subtitle-customize title-h3\" style=\"\"> Voir les th\u00e8mes du secondaire <\/div> <\/div> <\/div> <\/a> <\/div><div class=\"preloader\"><div class=\"preloader-spin\"><\/div><\/div><div class=\"size-small style1 gem-testimonials\" style=\"background-color:;\"> <div id=\"post-881\" class=\"gem-testimonial-item post-881 thegem_testimonial type-thegem_testimonial status-publish\"> <div class=\"gem-testimonial-wrapper \"> <div class=\"gem-testimonial-image\"> <\/div> <div class=\"gem-testimonial-content\"> <div class=\"gem-testimonial-name\" >Val\u00e9rie M<\/div> <div class=\"gem-testimonial-text\" style=\"color: #ffffff\"> <p>C'est du vrai bonheur de voir mon ado faire ses \u00e9tudes avec int\u00e9r\u00eat. Sujets et organisation de feu! On fait la demande que l'\u00e9tincelle de Mme Am\u00e9lie brille jusqu'au secondaire 3-4!<\/p> <\/div> <\/div> <\/div> <\/div> <div id=\"post-915\" class=\"gem-testimonial-item post-915 thegem_testimonial type-thegem_testimonial status-publish\"> <div class=\"gem-testimonial-wrapper \"> <div class=\"gem-testimonial-image\"> <\/div> <div class=\"gem-testimonial-content\"> <div class=\"gem-testimonial-name\" >Rachel<\/div> <div class=\"gem-testimonial-text\" style=\"color: #ffffff\"> <div class=\"wpb-content-wrapper\"><p>[vc_row][vc_column][vc_column_text css=\"\"]J'ai commenc\u00e9 \u00e0 utiliser le programme de Madame Am\u00e9lie pour le 2e secondaire et je suis vraiment impressionn\u00e9e par la qualit\u00e9 des documents et par la vari\u00e9t\u00e9 des activit\u00e9s propos\u00e9es. Le th\u00e8me est int\u00e9ressant et les jeunes accrochent rapidement. La charge de travail est bien \u00e9quilibr\u00e9e et tout est expliqu\u00e9 semaine par semaine et pour le mois. Je vous le recommande![\/vc_column_text][\/vc_column][\/vc_row]<\/p>\n<\/div> <\/div> <\/div> <\/div> <\/div> <div id=\"post-941\" class=\"gem-testimonial-item post-941 thegem_testimonial type-thegem_testimonial status-publish\"> <div class=\"gem-testimonial-wrapper \"> <div class=\"gem-testimonial-image\"> <\/div> <div class=\"gem-testimonial-content\"> <div class=\"gem-testimonial-name\" >Jessica L<\/div> <div class=\"gem-testimonial-text\" style=\"color: #ffffff\"> <div class=\"wpb-content-wrapper\"><p>[vc_row][vc_column][vc_column_text]Wow, \u00e9norme coup de c\u0153ur pour votre programme <img class=\"x1rg5ohu xlup9mm xdj266r x1mpyi22 xat24cr xm2jcoa x47corl xxymvpz x1kky2od img\" src=\"https:\/\/static.xx.fbcdn.net\/images\/emoji.php\/v9\/ta1\/2\/16\/1f60d.png\" alt=\"\ud83d\ude0d\" \/>[\/vc_column_text][\/vc_column][\/vc_row]<\/p>\n<\/div> <\/div> <\/div> <\/div> <\/div> <div class=\"testimonials_svg\"><svg style=\"fill: \" width=\"100\" height=\"50\"><path d=\"M 0,-1 Q 45,5 50,50 Q 55,5 100,-1\" \/><\/svg><\/div><\/div>[vc_empty_space height=\"80\"][vc_column_text]<\/p>\n<p style=\"text-align: center;\"><span style=\"color: #ffffff;\"><em>Satisfaction garantie ou argent remis!<\/em><\/span><\/p>\n<div class=\"small-body\" style=\"text-align: center;\"><span style=\"color: #ffffff;\">Pour tous les d\u00e9tails, consultez <a style=\"color: #ffffff;\" href=\"https:\/\/ecoledamelie.com\/conditions-generales-de-vente\/\">nos conditions g\u00e9n\u00e9rales<\/a>.<\/span><\/div>\n<p>[\/vc_column_text][\/vc_column][\/vc_row]<\/p>\n<\/div>","protected":false},"excerpt":{"rendered":"<p>[vc_row full_width=\u00a0\u00bbstretch_row_content\u00a0\u00bb][vc_column offset=\u00a0\u00bbvc_col-lg-12&Prime;][layerslider_vc id=\u00a0\u00bb21&Prime;][\/vc_column][\/vc_row][vc_row full_width=\u00a0\u00bbstretch_row\u00a0\u00bb][vc_column offset=\u00a0\u00bbvc_col-lg-12&Prime;][vc_custom_heading text=\u00a0\u00bbD\u00e9couvrez les programmes d&rsquo;\u00e9cole \u00e0 la maison pour le secondaire 1 et 2&Prime; font_container=\u00a0\u00bbtag:h1|text_align:center|color:%23fdb92e\u00a0\u00bb&#8230;<\/p>\n","protected":false},"author":2,"featured_media":0,"parent":0,"menu_order":5,"comment_status":"closed","ping_status":"closed","template":"","meta":{"_acf_changed":false,"footnotes":""},"class_list":["post-82","page","type-page","status-publish"],"acf":[],"yoast_head":"<!-- This site is optimized with the Yoast SEO plugin v27.1.1 - https:\/\/yoast.com\/product\/yoast-seo-wordpress\/ -->\n<title>Inscription - Secondaire<\/title>\n<meta name=\"robots\" content=\"index, follow, max-snippet:-1, max-image-preview:large, max-video-preview:-1\" \/>\n<link rel=\"canonical\" href=\"https:\/\/ecoledamelie.com\/secondaire\/inscription\/\" \/>\n<meta property=\"og:locale\" content=\"fr_FR\" \/>\n<meta property=\"og:type\" content=\"article\" \/>\n<meta property=\"og:title\" content=\"Inscription - Secondaire\" \/>\n<meta property=\"og:description\" content=\"[vc_row full_width=&quot;stretch_row_content&quot;][vc_column offset=&quot;vc_col-lg-12&quot;][layerslider_vc id=&quot;21&quot;][\/vc_column][\/vc_row][vc_row full_width=&quot;stretch_row&quot;][vc_column offset=&quot;vc_col-lg-12&quot;][vc_custom_heading text=&quot;D\u00e9couvrez les programmes d&#039;\u00e9cole \u00e0 la maison pour le secondaire 1 et 2&quot; font_container=&quot;tag:h1|text_align:center|color:%23fdb92e&quot;...\" \/>\n<meta property=\"og:url\" content=\"https:\/\/ecoledamelie.com\/secondaire\/inscription\/\" \/>\n<meta property=\"og:site_name\" content=\"Secondaire\" \/>\n<meta property=\"article:modified_time\" content=\"2026-04-10T00:25:59+00:00\" \/>\n<script type=\"application\/ld+json\" class=\"yoast-schema-graph\">{\"@context\":\"https:\/\/schema.org\",\"@graph\":[{\"@type\":\"WebPage\",\"@id\":\"https:\/\/ecoledamelie.com\/secondaire\/inscription\/\",\"url\":\"https:\/\/ecoledamelie.com\/secondaire\/inscription\/\",\"name\":\"Inscription - Secondaire\",\"isPartOf\":{\"@id\":\"https:\/\/ecoledamelie.com\/secondaire\/#website\"},\"datePublished\":\"2024-06-06T17:46:05+00:00\",\"dateModified\":\"2026-04-10T00:25:59+00:00\",\"breadcrumb\":{\"@id\":\"https:\/\/ecoledamelie.com\/secondaire\/inscription\/#breadcrumb\"},\"inLanguage\":\"fr-FR\",\"potentialAction\":[{\"@type\":\"ReadAction\",\"target\":[\"https:\/\/ecoledamelie.com\/secondaire\/inscription\/\"]}]},{\"@type\":\"BreadcrumbList\",\"@id\":\"https:\/\/ecoledamelie.com\/secondaire\/inscription\/#breadcrumb\",\"itemListElement\":[{\"@type\":\"ListItem\",\"position\":1,\"name\":\"Accueil\",\"item\":\"https:\/\/ecoledamelie.com\/secondaire\/\"},{\"@type\":\"ListItem\",\"position\":2,\"name\":\"Inscription\"}]},{\"@type\":\"WebSite\",\"@id\":\"https:\/\/ecoledamelie.com\/secondaire\/#website\",\"url\":\"https:\/\/ecoledamelie.com\/secondaire\/\",\"name\":\"Secondaire\",\"description\":\"\",\"potentialAction\":[{\"@type\":\"SearchAction\",\"target\":{\"@type\":\"EntryPoint\",\"urlTemplate\":\"https:\/\/ecoledamelie.com\/secondaire\/?s={search_term_string}\"},\"query-input\":{\"@type\":\"PropertyValueSpecification\",\"valueRequired\":true,\"valueName\":\"search_term_string\"}}],\"inLanguage\":\"fr-FR\"}]}<\/script>\n<!-- \/ Yoast SEO plugin. -->","yoast_head_json":{"title":"Inscription - Secondaire","robots":{"index":"index","follow":"follow","max-snippet":"max-snippet:-1","max-image-preview":"max-image-preview:large","max-video-preview":"max-video-preview:-1"},"canonical":"https:\/\/ecoledamelie.com\/secondaire\/inscription\/","og_locale":"fr_FR","og_type":"article","og_title":"Inscription - Secondaire","og_description":"[vc_row full_width=\"stretch_row_content\"][vc_column offset=\"vc_col-lg-12\"][layerslider_vc id=\"21\"][\/vc_column][\/vc_row][vc_row full_width=\"stretch_row\"][vc_column offset=\"vc_col-lg-12\"][vc_custom_heading text=\"D\u00e9couvrez les programmes d'\u00e9cole \u00e0 la maison pour le secondaire 1 et 2\" font_container=\"tag:h1|text_align:center|color:%23fdb92e\"...","og_url":"https:\/\/ecoledamelie.com\/secondaire\/inscription\/","og_site_name":"Secondaire","article_modified_time":"2026-04-10T00:25:59+00:00","schema":{"@context":"https:\/\/schema.org","@graph":[{"@type":"WebPage","@id":"https:\/\/ecoledamelie.com\/secondaire\/inscription\/","url":"https:\/\/ecoledamelie.com\/secondaire\/inscription\/","name":"Inscription - Secondaire","isPartOf":{"@id":"https:\/\/ecoledamelie.com\/secondaire\/#website"},"datePublished":"2024-06-06T17:46:05+00:00","dateModified":"2026-04-10T00:25:59+00:00","breadcrumb":{"@id":"https:\/\/ecoledamelie.com\/secondaire\/inscription\/#breadcrumb"},"inLanguage":"fr-FR","potentialAction":[{"@type":"ReadAction","target":["https:\/\/ecoledamelie.com\/secondaire\/inscription\/"]}]},{"@type":"BreadcrumbList","@id":"https:\/\/ecoledamelie.com\/secondaire\/inscription\/#breadcrumb","itemListElement":[{"@type":"ListItem","position":1,"name":"Accueil","item":"https:\/\/ecoledamelie.com\/secondaire\/"},{"@type":"ListItem","position":2,"name":"Inscription"}]},{"@type":"WebSite","@id":"https:\/\/ecoledamelie.com\/secondaire\/#website","url":"https:\/\/ecoledamelie.com\/secondaire\/","name":"Secondaire","description":"","potentialAction":[{"@type":"SearchAction","target":{"@type":"EntryPoint","urlTemplate":"https:\/\/ecoledamelie.com\/secondaire\/?s={search_term_string}"},"query-input":{"@type":"PropertyValueSpecification","valueRequired":true,"valueName":"search_term_string"}}],"inLanguage":"fr-FR"}]}},"_links":{"self":[{"href":"https:\/\/ecoledamelie.com\/secondaire\/wp-json\/wp\/v2\/pages\/82","targetHints":{"allow":["GET"]}}],"collection":[{"href":"https:\/\/ecoledamelie.com\/secondaire\/wp-json\/wp\/v2\/pages"}],"about":[{"href":"https:\/\/ecoledamelie.com\/secondaire\/wp-json\/wp\/v2\/types\/page"}],"author":[{"embeddable":true,"href":"https:\/\/ecoledamelie.com\/secondaire\/wp-json\/wp\/v2\/users\/2"}],"replies":[{"embeddable":true,"href":"https:\/\/ecoledamelie.com\/secondaire\/wp-json\/wp\/v2\/comments?post=82"}],"version-history":[{"count":26,"href":"https:\/\/ecoledamelie.com\/secondaire\/wp-json\/wp\/v2\/pages\/82\/revisions"}],"predecessor-version":[{"id":976,"href":"https:\/\/ecoledamelie.com\/secondaire\/wp-json\/wp\/v2\/pages\/82\/revisions\/976"}],"wp:attachment":[{"href":"https:\/\/ecoledamelie.com\/secondaire\/wp-json\/wp\/v2\/media?parent=82"}],"curies":[{"name":"wp","href":"https:\/\/api.w.org\/{rel}","templated":true}]}}